{"id":1811,"date":"2022-09-01T16:05:53","date_gmt":"2022-09-01T20:05:53","guid":{"rendered":"https:\/\/loeysdietzcanada.org\/?page_id=1811"},"modified":"2025-11-17T17:41:57","modified_gmt":"2025-11-17T22:41:57","slug":"etats-financiers","status":"publish","type":"page","link":"https:\/\/loeysdietzcanada.org\/fr\/notre-fondation\/etats-financiers\/","title":{"rendered":"Rapports annuels"},"content":{"rendered":"\t\t<div data-elementor-type=\"wp-page\" data-elementor-id=\"1811\" class=\"elementor elementor-1811 elementor-672\" data-elementor-post-type=\"page\">\n\t\t\t\t\t\t<section data-particle_enable=\"false\" data-particle-mobile-disabled=\"false\" class=\"elementor-section elementor-top-section elementor-element elementor-element-7b6633ab elementor-section-boxed elementor-section-height-default elementor-section-height-default\" data-id=\"7b6633ab\" data-element_type=\"section\" data-e-type=\"section\" data-settings=\"{&quot;background_background&quot;:&quot;classic&quot;}\">\n\t\t\t\t\t\t<div class=\"elementor-container elementor-column-gap-default\">\n\t\t\t\t\t<div class=\"elementor-column elementor-col-100 elementor-top-column elementor-element elementor-element-370d40f8\" data-id=\"370d40f8\" data-element_type=\"column\" data-e-type=\"column\">\n\t\t\t<div class=\"elementor-widget-wrap elementor-element-populated\">\n\t\t\t\t\t\t<div class=\"elementor-element elementor-element-63628961 elementor-widget elementor-widget-heading\" data-id=\"63628961\" data-element_type=\"widget\" data-e-type=\"widget\" data-widget_type=\"heading.default\">\n\t\t\t\t<div class=\"elementor-widget-container\">\n\t\t\t\t\t<h1 class=\"elementor-heading-title elementor-size-default\">Rapports annuels      <\/h1>\t\t\t\t<\/div>\n\t\t\t\t<\/div>\n\t\t\t\t\t<\/div>\n\t\t<\/div>\n\t\t\t\t\t<\/div>\n\t\t<\/section>\n\t\t\t\t<section data-particle_enable=\"false\" data-particle-mobile-disabled=\"false\" class=\"elementor-section elementor-top-section elementor-element elementor-element-36d2940 elementor-section-boxed elementor-section-height-default elementor-section-height-default\" data-id=\"36d2940\" data-element_type=\"section\" data-e-type=\"section\">\n\t\t\t\t\t\t<div class=\"elementor-container elementor-column-gap-default\">\n\t\t\t\t\t<div class=\"elementor-column elementor-col-100 elementor-top-column elementor-element elementor-element-5c9178c\" data-id=\"5c9178c\" data-element_type=\"column\" data-e-type=\"column\">\n\t\t\t<div class=\"elementor-widget-wrap elementor-element-populated\">\n\t\t\t\t\t\t<div class=\"elementor-element elementor-element-c879df3 elementor-widget elementor-widget-heading\" data-id=\"c879df3\" data-element_type=\"widget\" data-e-type=\"widget\" data-widget_type=\"heading.default\">\n\t\t\t\t<div class=\"elementor-widget-container\">\n\t\t\t\t\t<h2 class=\"elementor-heading-title elementor-size-default\">Rapport annuel :<\/h2>\t\t\t\t<\/div>\n\t\t\t\t<\/div>\n\t\t\t\t<div class=\"elementor-element elementor-element-ca55e3b elementor-align-center elementor-widget elementor-widget-button\" data-id=\"ca55e3b\" data-element_type=\"widget\" data-e-type=\"widget\" data-widget_type=\"button.default\">\n\t\t\t\t<div class=\"elementor-widget-container\">\n\t\t\t\t\t\t\t\t\t<div class=\"elementor-button-wrapper\">\n\t\t\t\t\t<a class=\"elementor-button elementor-button-link elementor-size-sm\" href=\"https:\/\/loeysdietzcanada.org\/wp-content\/uploads\/2024\/06\/Annual-Report_FR_2022.pdf\" target=\"_blank\">\n\t\t\t\t\t\t<span class=\"elementor-button-content-wrapper\">\n\t\t\t\t\t\t<span class=\"elementor-button-icon\">\n\t\t\t\t<i aria-hidden=\"true\" class=\"fas fa-long-arrow-alt-right\"><\/i>\t\t\t<\/span>\n\t\t\t\t\t\t\t\t\t<span class=\"elementor-button-text\">2022<\/span>\n\t\t\t\t\t<\/span>\n\t\t\t\t\t<\/a>\n\t\t\t\t<\/div>\n\t\t\t\t\t\t\t\t<\/div>\n\t\t\t\t<\/div>\n\t\t\t\t<div class=\"elementor-element elementor-element-a45b884 elementor-align-center elementor-widget elementor-widget-button\" data-id=\"a45b884\" data-element_type=\"widget\" data-e-type=\"widget\" data-widget_type=\"button.default\">\n\t\t\t\t<div class=\"elementor-widget-container\">\n\t\t\t\t\t\t\t\t\t<div class=\"elementor-button-wrapper\">\n\t\t\t\t\t<a class=\"elementor-button elementor-button-link elementor-size-sm\" href=\"https:\/\/loeysdietzcanada.org\/wp-content\/uploads\/2024\/09\/Annual-Report_2023_EN.pdf\" target=\"_blank\">\n\t\t\t\t\t\t<span class=\"elementor-button-content-wrapper\">\n\t\t\t\t\t\t<span class=\"elementor-button-icon\">\n\t\t\t\t<i aria-hidden=\"true\" class=\"fas fa-long-arrow-alt-right\"><\/i>\t\t\t<\/span>\n\t\t\t\t\t\t\t\t\t<span class=\"elementor-button-text\">2023<\/span>\n\t\t\t\t\t<\/span>\n\t\t\t\t\t<\/a>\n\t\t\t\t<\/div>\n\t\t\t\t\t\t\t\t<\/div>\n\t\t\t\t<\/div>\n\t\t\t\t<div class=\"elementor-element elementor-element-a00f392 elementor-align-center elementor-widget elementor-widget-button\" data-id=\"a00f392\" data-element_type=\"widget\" data-e-type=\"widget\" data-widget_type=\"button.default\">\n\t\t\t\t<div class=\"elementor-widget-container\">\n\t\t\t\t\t\t\t\t\t<div class=\"elementor-button-wrapper\">\n\t\t\t\t\t<a class=\"elementor-button elementor-button-link elementor-size-sm\" href=\"https:\/\/loeysdietzcanada.org\/wp-content\/uploads\/2025\/11\/Rapport-dimpact-2024.pdf\" target=\"_blank\">\n\t\t\t\t\t\t<span class=\"elementor-button-content-wrapper\">\n\t\t\t\t\t\t<span class=\"elementor-button-icon\">\n\t\t\t\t<i aria-hidden=\"true\" class=\"fas fa-long-arrow-alt-right\"><\/i>\t\t\t<\/span>\n\t\t\t\t\t\t\t\t\t<span class=\"elementor-button-text\">2024<\/span>\n\t\t\t\t\t<\/span>\n\t\t\t\t\t<\/a>\n\t\t\t\t<\/div>\n\t\t\t\t\t\t\t\t<\/div>\n\t\t\t\t<\/div>\n\t\t\t\t\t<\/div>\n\t\t<\/div>\n\t\t\t\t\t<\/div>\n\t\t<\/section>\n\t\t\t\t<section data-particle_enable=\"false\" data-particle-mobile-disabled=\"false\" class=\"elementor-section elementor-top-section elementor-element elementor-element-70b7cdb elementor-section-boxed elementor-section-height-default elementor-section-height-default\" data-id=\"70b7cdb\" data-element_type=\"section\" data-e-type=\"section\">\n\t\t\t\t\t\t<div class=\"elementor-container elementor-column-gap-default\">\n\t\t\t\t\t<div class=\"elementor-column elementor-col-100 elementor-top-column elementor-element elementor-element-f18b0e6\" data-id=\"f18b0e6\" data-element_type=\"column\" data-e-type=\"column\">\n\t\t\t<div class=\"elementor-widget-wrap elementor-element-populated\">\n\t\t\t\t\t\t<div class=\"elementor-element elementor-element-19d958c elementor-widget elementor-widget-text-editor\" data-id=\"19d958c\" data-element_type=\"widget\" data-e-type=\"widget\" data-widget_type=\"text-editor.default\">\n\t\t\t\t<div class=\"elementor-widget-container\">\n\t\t\t\t\t\t\t\t\t<p>Cet avis sert \u00e0 accompagner nos \u00e9tats financiers et \u00e0 vous fournir un bref aper\u00e7u de notre mod\u00e8le de financement.<\/p><p style=\"font-weight: 400;\">\u00c0 la Fondation du syndrome Loeys-Dietz Canada (FSLDC), nous sommes les pionniers d\u2019une approche audacieuse et avant-gardiste du financement caritatif. Contrairement aux organismes de bienfaisance traditionnels, notre mod\u00e8le est bas\u00e9 sur la durabilit\u00e9 \u00e0 long terme plut\u00f4t que sur les flux de tr\u00e9sorerie \u00e0 court terme. Cette vision est n\u00e9e, en 2018, de l\u2019esprit de notre cofondateur, Joseph Galli, un capital-risqueur dans l\u2019\u00e2me, qui cherchait \u00e0 assurer la viabilit\u00e9 de la fondation \u00e0 perp\u00e9tuit\u00e9. Au lieu de s\u2019appuyer sur la collecte de fonds conventionnelle, Joseph a \u00e9tabli une strat\u00e9gie de financement innovante centr\u00e9e sur l\u2019acceptation de dons de polices d\u2019assurance-vie, faisant de la FSLDC la premi\u00e8re fondation au Canada \u00e0 constituer un portefeuille important de ces actifs.<\/p><p style=\"font-weight: 400;\">Pour g\u00e9rer ce mod\u00e8le financier complexe et sp\u00e9cialis\u00e9, Joseph a \u00e9galement cr\u00e9\u00e9 Pentor Charity Services, une organisation partenaire charg\u00e9e de la cr\u00e9ation, du tri, de la gestion et du suivi des polices d\u2019assurance-vie d\u00e9tenues par FSLDC. En \u00e9change, FSLDC verse des frais de service \u00e0 Pentor pour ces activit\u00e9s, garantissant que les polices sont correctement entretenues et que leur valeur est prot\u00e9g\u00e9e. De plus, pour couvrir les primes et les frais de gestion associ\u00e9s \u00e0 ces polices, Joseph a \u00e9tabli un mod\u00e8le de financement par le biais d\u2019un fonds de commanditaires limit\u00e9s qui fournit des pr\u00eats pour soutenir la mission \u00e0 long terme de FSLDC.<\/p><p style=\"font-weight: 400;\">Nous reconnaissons que ce mod\u00e8le n\u2019est pas conventionnel et, par cons\u00e9quent, les agences de notation caritatives traditionnelles, telles que Charity Intelligence, peuvent avoir du mal \u00e0 nous \u00e9valuer \u00e9quitablement. Leur \u00e9valuation se concentre sur la liquidit\u00e9 \u00e0 court terme et les d\u00e9penses directes consacr\u00e9es aux programmes caritatifs, sans tenir compte de la nature strat\u00e9gique \u00e0 long terme de notre mod\u00e8le d\u2019investissement. Nous construisons une dotation con\u00e7ue pour cr\u00e9er un impact caritatif substantiel \u00e0 l\u2019avenir. Jusqu\u2019\u00e0 ce que ces polices d\u2019assurance-vie arrivent \u00e0 maturit\u00e9, notre flux de tr\u00e9sorerie disponible est limit\u00e9, mais notre vision est claire et notre engagement envers la recherche, l\u2019\u00e9ducation et le soutien aux patients de SLD reste in\u00e9branlable.<\/p><p style=\"font-weight: 400;\"><strong>Comprendre nos \u00e9tats financiers<\/strong><\/p><p style=\"font-weight: 400;\">FSLDC se conforme enti\u00e8rement \u00e0 la Loi de l\u2019imp\u00f4t sur le revenu et aux directives de l\u2019Agence du revenu du Canada (ARC). Bien que les organismes de bienfaisance enregistr\u00e9s soient tenus de consacrer leurs ressources \u00e0 des activit\u00e9s de bienfaisance, l\u2019ARC reconna\u00eet explicitement que les organismes de bienfaisance peuvent d\u00e9tenir des placements tant qu\u2019ils servent en fin de compte un objectif de bienfaisance. De nombreuses organisations g\u00e8rent des portefeuilles de placements importants, engageant des co\u00fbts n\u00e9cessaires pour les maintenir et les faire cro\u00eetre. FSLDC ne fait pas exception.<\/p><p style=\"font-weight: 400;\">Cependant, contrairement aux portefeuilles de placement traditionnels compos\u00e9s d\u2019actifs liquides, notre fondation d\u00e9tient des polices d\u2019assurance-vie, qui sont par nature \u00e0 long terme et illiquides. Le R\u00e8glement de l\u2019imp\u00f4t sur le revenu reconna\u00eet explicitement cette r\u00e9alit\u00e9, en attribuant une valeur nulle aux polices d\u2019assurance-vie non \u00e9chues aux fins du calcul du contingent de versements (DV) d\u2019un organisme de bienfaisance. Cela refl\u00e8te une compr\u00e9hension l\u00e9gislative claire selon laquelle les dons d\u2019assurance-vie sont une strat\u00e9gie philanthropique \u00e0 long terme et ne devraient pas n\u00e9cessiter de versements caritatifs imm\u00e9diats.<\/p><p style=\"font-weight: 400;\">De plus, les normes comptables canadiennes nous emp\u00eachent de d\u00e9clarer la valeur de nos polices d\u2019assurance-vie comme des actifs dans nos \u00e9tats financiers. Selon ces r\u00e8gles, un actif doit r\u00e9pondre \u00e0 trois crit\u00e8res : la propri\u00e9t\u00e9, le contr\u00f4le et une dur\u00e9e d\u00e9terminable. Bien que la FSLDC remplisse clairement les deux premi\u00e8res conditions, la troisi\u00e8me \u2013 la dur\u00e9e fixe \u2013 n\u2019est pas remplie, car le d\u00e9lai de r\u00e9alisation de ces polices est intrins\u00e8quement incertain. Par cons\u00e9quent, m\u00eame si ces polices repr\u00e9sentent une ressource financi\u00e8re substantielle pour la fondation, elles ne sont pas refl\u00e9t\u00e9es dans nos \u00e9tats financiers, ce qui donne une image incompl\u00e8te de notre v\u00e9ritable situation financi\u00e8re.<\/p><p style=\"font-weight: 400;\">FSLDC a toujours respect\u00e9 son quota de d\u00e9caissement annuel, garantissant ainsi la conformit\u00e9 avec les r\u00e9glementations de l\u2019ARC. Bien que nos d\u00e9penses actuelles en activit\u00e9s caritatives directes soient inf\u00e9rieures \u00e0 notre investissement dans le maintien de notre portefeuille de ressources, cela \u00e9voluera au fil du temps \u00e0 mesure que les politiques arriveront \u00e0 maturit\u00e9. L\u2019ampleur de nos politiques existantes, repr\u00e9sentant des prestations de d\u00e9c\u00e8s globales de plus de 75 millions de dollars, d\u00e9montre l\u2019impact futur substantiel que FSLDC aura. Les co\u00fbts associ\u00e9s au maintien de ces actifs sont justifi\u00e9s par la valeur \u00e0 long terme qu\u2019ils g\u00e9n\u00e9reront pour la recherche, les soins aux patients et les initiatives de sensibilisation de SLD.<\/p><p style=\"font-weight: 400;\"><strong>Perspectives d\u2019avenir<\/strong><\/p><p style=\"font-weight: 400;\">Nous reconnaissons que notre mod\u00e8le de financement n\u2019est pas facilement cat\u00e9goris\u00e9 dans les cadres d\u2019\u00e9valuation des organismes de bienfaisance traditionnels. Cependant, nous sommes concentr\u00e9s sur l\u2019investissement dans un mod\u00e8le qui garantira un impact durable pour la communaut\u00e9 SLD. Le temps est notre plus grand d\u00e9fi, mais notre conviction reste forte : nous construisons quelque chose de transformateur, nous continuerons de grandir et nous parviendrons \u00e0 notre vision : am\u00e9liorer la vie et la qualit\u00e9 de vie des patients et des familles.<\/p>\t\t\t\t\t\t\t\t<\/div>\n\t\t\t\t<\/div>\n\t\t\t\t\t<\/div>\n\t\t<\/div>\n\t\t\t\t\t<\/div>\n\t\t<\/section>\n\t\t\t\t<section data-particle_enable=\"false\" data-particle-mobile-disabled=\"false\" class=\"elementor-section elementor-top-section elementor-element elementor-element-4ba7d27e elementor-section-boxed elementor-section-height-default elementor-section-height-default\" data-id=\"4ba7d27e\" data-element_type=\"section\" data-e-type=\"section\" data-settings=\"{&quot;background_background&quot;:&quot;classic&quot;}\">\n\t\t\t\t\t\t\t<div class=\"elementor-background-overlay\"><\/div>\n\t\t\t\t\t\t\t<div class=\"elementor-container elementor-column-gap-default\">\n\t\t\t\t\t<div class=\"elementor-column elementor-col-100 elementor-top-column elementor-element elementor-element-5b95cbc1\" data-id=\"5b95cbc1\" data-element_type=\"column\" data-e-type=\"column\">\n\t\t\t<div class=\"elementor-widget-wrap elementor-element-populated\">\n\t\t\t\t\t\t<div class=\"elementor-element elementor-element-36c802c elementor-widget elementor-widget-heading\" data-id=\"36c802c\" data-element_type=\"widget\" data-e-type=\"widget\" data-widget_type=\"heading.default\">\n\t\t\t\t<div class=\"elementor-widget-container\">\n\t\t\t\t\t<h2 class=\"elementor-heading-title elementor-size-default\">Nos \u00e9tats financiers      <\/h2>\t\t\t\t<\/div>\n\t\t\t\t<\/div>\n\t\t\t\t<div class=\"elementor-element elementor-element-bd8a05e elementor-widget-mobile__width-inherit elementor-align-center elementor-widget elementor-widget-button\" data-id=\"bd8a05e\" data-element_type=\"widget\" data-e-type=\"widget\" data-widget_type=\"button.default\">\n\t\t\t\t<div class=\"elementor-widget-container\">\n\t\t\t\t\t\t\t\t\t<div class=\"elementor-button-wrapper\">\n\t\t\t\t\t<a class=\"elementor-button elementor-button-link elementor-size-sm\" href=\"https:\/\/loeysdietzcanada.org\/wp-content\/uploads\/2025\/07\/Financial-Statements-Final-Dec-24-pp.pdf\" target=\"_blank\">\n\t\t\t\t\t\t<span class=\"elementor-button-content-wrapper\">\n\t\t\t\t\t\t<span class=\"elementor-button-icon\">\n\t\t\t\t<i aria-hidden=\"true\" class=\"fas fa-long-arrow-alt-right\"><\/i>\t\t\t<\/span>\n\t\t\t\t\t\t\t\t\t<span class=\"elementor-button-text\">2024<\/span>\n\t\t\t\t\t<\/span>\n\t\t\t\t\t<\/a>\n\t\t\t\t<\/div>\n\t\t\t\t\t\t\t\t<\/div>\n\t\t\t\t<\/div>\n\t\t\t\t<div class=\"elementor-element elementor-element-16f3e07 elementor-widget-mobile__width-inherit elementor-align-center elementor-widget elementor-widget-button\" data-id=\"16f3e07\" data-element_type=\"widget\" data-e-type=\"widget\" data-widget_type=\"button.default\">\n\t\t\t\t<div class=\"elementor-widget-container\">\n\t\t\t\t\t\t\t\t\t<div class=\"elementor-button-wrapper\">\n\t\t\t\t\t<a class=\"elementor-button elementor-button-link elementor-size-sm\" href=\"https:\/\/loeysdietzcanada.org\/wp-content\/uploads\/2025\/05\/LDSFC-Dec-2023-Financial-Statements.pdf\" target=\"_blank\">\n\t\t\t\t\t\t<span class=\"elementor-button-content-wrapper\">\n\t\t\t\t\t\t<span class=\"elementor-button-icon\">\n\t\t\t\t<i aria-hidden=\"true\" class=\"fas fa-long-arrow-alt-right\"><\/i>\t\t\t<\/span>\n\t\t\t\t\t\t\t\t\t<span class=\"elementor-button-text\">2023<\/span>\n\t\t\t\t\t<\/span>\n\t\t\t\t\t<\/a>\n\t\t\t\t<\/div>\n\t\t\t\t\t\t\t\t<\/div>\n\t\t\t\t<\/div>\n\t\t\t\t<div class=\"elementor-element elementor-element-bb25b92 elementor-widget-mobile__width-inherit elementor-align-center elementor-widget elementor-widget-button\" data-id=\"bb25b92\" data-element_type=\"widget\" data-e-type=\"widget\" data-widget_type=\"button.default\">\n\t\t\t\t<div class=\"elementor-widget-container\">\n\t\t\t\t\t\t\t\t\t<div class=\"elementor-button-wrapper\">\n\t\t\t\t\t<a class=\"elementor-button elementor-button-link elementor-size-sm\" href=\"https:\/\/loeysdietzcanada.org\/wp-content\/uploads\/2023\/11\/Financial-Statements-LDSF-Canada-AUDIT-Dec-2022.pdf\" target=\"_blank\">\n\t\t\t\t\t\t<span class=\"elementor-button-content-wrapper\">\n\t\t\t\t\t\t<span class=\"elementor-button-icon\">\n\t\t\t\t<i aria-hidden=\"true\" class=\"fas fa-long-arrow-alt-right\"><\/i>\t\t\t<\/span>\n\t\t\t\t\t\t\t\t\t<span class=\"elementor-button-text\">2022<\/span>\n\t\t\t\t\t<\/span>\n\t\t\t\t\t<\/a>\n\t\t\t\t<\/div>\n\t\t\t\t\t\t\t\t<\/div>\n\t\t\t\t<\/div>\n\t\t\t\t<div class=\"elementor-element elementor-element-63d621a7 elementor-widget-mobile__width-inherit elementor-align-center elementor-widget elementor-widget-button\" data-id=\"63d621a7\" data-element_type=\"widget\" data-e-type=\"widget\" data-widget_type=\"button.default\">\n\t\t\t\t<div class=\"elementor-widget-container\">\n\t\t\t\t\t\t\t\t\t<div class=\"elementor-button-wrapper\">\n\t\t\t\t\t<a class=\"elementor-button elementor-button-link elementor-size-sm\" href=\"https:\/\/loeysdietzcanada.org\/wp-content\/uploads\/2022\/09\/LDSFC-Financial-Statements-2021.pdf\" target=\"_blank\">\n\t\t\t\t\t\t<span class=\"elementor-button-content-wrapper\">\n\t\t\t\t\t\t<span class=\"elementor-button-icon\">\n\t\t\t\t<i aria-hidden=\"true\" class=\"fas fa-long-arrow-alt-right\"><\/i>\t\t\t<\/span>\n\t\t\t\t\t\t\t\t\t<span class=\"elementor-button-text\">2021<\/span>\n\t\t\t\t\t<\/span>\n\t\t\t\t\t<\/a>\n\t\t\t\t<\/div>\n\t\t\t\t\t\t\t\t<\/div>\n\t\t\t\t<\/div>\n\t\t\t\t<div class=\"elementor-element elementor-element-465e5f7 elementor-widget-mobile__width-inherit elementor-align-center elementor-widget elementor-widget-button\" data-id=\"465e5f7\" data-element_type=\"widget\" data-e-type=\"widget\" data-widget_type=\"button.default\">\n\t\t\t\t<div class=\"elementor-widget-container\">\n\t\t\t\t\t\t\t\t\t<div class=\"elementor-button-wrapper\">\n\t\t\t\t\t<a class=\"elementor-button elementor-button-link elementor-size-sm\" href=\"https:\/\/loeysdietzcanada.org\/wp-content\/uploads\/2022\/09\/LDSFC-Financial-Statements-2020.pdf\" target=\"_blank\">\n\t\t\t\t\t\t<span class=\"elementor-button-content-wrapper\">\n\t\t\t\t\t\t<span class=\"elementor-button-icon\">\n\t\t\t\t<i aria-hidden=\"true\" class=\"fas fa-long-arrow-alt-right\"><\/i>\t\t\t<\/span>\n\t\t\t\t\t\t\t\t\t<span class=\"elementor-button-text\">2020<\/span>\n\t\t\t\t\t<\/span>\n\t\t\t\t\t<\/a>\n\t\t\t\t<\/div>\n\t\t\t\t\t\t\t\t<\/div>\n\t\t\t\t<\/div>\n\t\t\t\t\t<\/div>\n\t\t<\/div>\n\t\t\t\t\t<\/div>\n\t\t<\/section>\n\t\t\t\t\t<script>\n\t\t\t\t(function($) {\n                    \"use strict\";\n\n                    var target = $('.elementor-element-4ba7d27e');\n                    target.addClass('e-lazyloaded');\n\n                    \n                    var EaelParallaxElement = {\n\n\t\t\t\t\t\tinit: function() {\n\t\t\t\t\t\t\telementorFrontend.hooks.addAction('frontend\/element_ready\/global', EaelParallaxElement.initWidget);\n\t\t\t\t\t\t},\n                        responsiveParallax: function(){\n                            var android = 0,\n                                ios = 0;\n                            switch( true || 1 ){\n                                case android && ios:\n                                    return \/iPad|iPhone|iPod|Android\/;\n                                    break;\n                                case android && ! ios:\n                                    return \/Android\/;\n                                    break;\n                                case ! android && ios:\n                                    return \/iPad|iPhone|iPod\/;\n                                    break;\n                                case ( ! android && ! ios ):\n                                    return null;\n                            }\n                        },\n\t\t\t\t\t\tinitWidget: function( $scope ) {\n\n\t\t\t\t\t\t\ttarget.jarallax({\n\t\t\t\t\t\t\t\ttype: 'scroll',\n\t\t\t\t\t\t\t\tspeed: 1.3,\n\t\t\t\t\t\t\t\tkeepImg: true,\n                                disableParallax: EaelParallaxElement.responsiveParallax(),\n\t\t\t\t\t\t\t});\n\t\t\t\t\t\t}\n\n\t\t\t\t\t};\n\n\t\t\t\t\t$( window ).on('elementor\/frontend\/init', EaelParallaxElement.init);\n\n                    \t\t\t\t}( jQuery ) );\n\t\t\t<\/script>\n\t\t\t\t<\/div>\n\t\t","protected":false},"excerpt":{"rendered":"<p>Rapports annuels Rapport annuel : 2022 2023 2024 Cet avis sert \u00e0 accompagner nos \u00e9tats financiers et \u00e0 vous fournir un bref aper\u00e7u de notre mod\u00e8le de financement. \u00c0 la [&hellip;]<\/p>\n","protected":false},"author":1,"featured_media":0,"parent":1797,"menu_order":0,"comment_status":"closed","ping_status":"closed","template":"","meta":{"om_disable_all_campaigns":false,"_monsterinsights_skip_tracking":false,"_monsterinsights_sitenote_active":false,"_monsterinsights_sitenote_note":"","_monsterinsights_sitenote_category":0,"site-sidebar-layout":"no-sidebar","site-content-layout":"page-builder","ast-site-content-layout":"full-width-container","site-content-style":"unboxed","site-sidebar-style":"unboxed","ast-global-header-display":"","ast-banner-title-visibility":"","ast-main-header-display":"","ast-hfb-above-header-display":"","ast-hfb-below-header-display":"","ast-hfb-mobile-header-display":"","site-post-title":"disabled","ast-breadcrumbs-content":"","ast-featured-img":"disabled","footer-sml-layout":"","ast-disable-related-posts":"","theme-transparent-header-meta":"default","adv-header-id-meta":"","stick-header-meta":"","header-above-stick-meta":"","header-main-stick-meta":"","header-below-stick-meta":"","astra-migrate-meta-layouts":"set","ast-page-background-enabled":"default","ast-page-background-meta":{"desktop":{"background-color":"","background-image":"","background-repeat":"repeat","background-position":"center center","background-size":"auto","background-attachment":"scroll","background-type":"","background-media":"","overlay-type":"","overlay-color":"","overlay-opacity":"","overlay-gradient":""},"tablet":{"background-color":"","background-image":"","background-repeat":"repeat","background-position":"center center","background-size":"auto","background-attachment":"scroll","background-type":"","background-media":"","overlay-type":"","overlay-color":"","overlay-opacity":"","overlay-gradient":""},"mobile":{"background-color":"","background-image":"","background-repeat":"repeat","background-position":"center center","background-size":"auto","background-attachment":"scroll","background-type":"","background-media":"","overlay-type":"","overlay-color":"","overlay-opacity":"","overlay-gradient":""}},"ast-content-background-meta":{"desktop":{"background-color":"var(--ast-global-color-5)","background-image":"","background-repeat":"repeat","background-position":"center center","background-size":"auto","background-attachment":"scroll","background-type":"","background-media":"","overlay-type":"","overlay-color":"","overlay-opacity":"","overlay-gradient":""},"tablet":{"background-color":"var(--ast-global-color-5)","background-image":"","background-repeat":"repeat","background-position":"center center","background-size":"auto","background-attachment":"scroll","background-type":"","background-media":"","overlay-type":"","overlay-color":"","overlay-opacity":"","overlay-gradient":""},"mobile":{"background-color":"var(--ast-global-color-5)","background-image":"","background-repeat":"repeat","background-position":"center center","background-size":"auto","background-attachment":"scroll","background-type":"","background-media":"","overlay-type":"","overlay-color":"","overlay-opacity":"","overlay-gradient":""}},"footnotes":""},"class_list":["post-1811","page","type-page","status-publish","hentry"],"aioseo_notices":[],"_links":{"self":[{"href":"https:\/\/loeysdietzcanada.org\/fr\/wp-json\/wp\/v2\/pages\/1811","targetHints":{"allow":["GET"]}}],"collection":[{"href":"https:\/\/loeysdietzcanada.org\/fr\/wp-json\/wp\/v2\/pages"}],"about":[{"href":"https:\/\/loeysdietzcanada.org\/fr\/wp-json\/wp\/v2\/types\/page"}],"author":[{"embeddable":true,"href":"https:\/\/loeysdietzcanada.org\/fr\/wp-json\/wp\/v2\/users\/1"}],"replies":[{"embeddable":true,"href":"https:\/\/loeysdietzcanada.org\/fr\/wp-json\/wp\/v2\/comments?post=1811"}],"version-history":[{"count":61,"href":"https:\/\/loeysdietzcanada.org\/fr\/wp-json\/wp\/v2\/pages\/1811\/revisions"}],"predecessor-version":[{"id":9389,"href":"https:\/\/loeysdietzcanada.org\/fr\/wp-json\/wp\/v2\/pages\/1811\/revisions\/9389"}],"up":[{"embeddable":true,"href":"https:\/\/loeysdietzcanada.org\/fr\/wp-json\/wp\/v2\/pages\/1797"}],"wp:attachment":[{"href":"https:\/\/loeysdietzcanada.org\/fr\/wp-json\/wp\/v2\/media?parent=1811"}],"curies":[{"name":"wp","href":"https:\/\/api.w.org\/{rel}","templated":true}]}}