{"id":1791,"date":"2022-09-01T17:43:31","date_gmt":"2022-09-01T21:43:31","guid":{"rendered":"https:\/\/loeysdietzcanada.org\/?page_id=1791"},"modified":"2022-11-28T22:07:26","modified_gmt":"2022-11-29T03:07:26","slug":"lancer-une-collecte-de-fonds","status":"publish","type":"page","link":"https:\/\/loeysdietzcanada.org\/fr\/s-impliquer\/lancer-une-collecte-de-fonds\/","title":{"rendered":"Lancer une collecte de fonds"},"content":{"rendered":"\t\t<div data-elementor-type=\"wp-page\" data-elementor-id=\"1791\" class=\"elementor elementor-1791 elementor-860\" data-elementor-post-type=\"page\">\n\t\t\t\t\t\t<section data-particle_enable=\"false\" data-particle-mobile-disabled=\"false\" class=\"elementor-section elementor-top-section elementor-element elementor-element-4387367 elementor-section-boxed elementor-section-height-default elementor-section-height-default\" data-id=\"4387367\" data-element_type=\"section\" data-e-type=\"section\" data-settings=\"{&quot;background_background&quot;:&quot;classic&quot;}\">\n\t\t\t\t\t\t<div class=\"elementor-container elementor-column-gap-default\">\n\t\t\t\t\t<div class=\"elementor-column elementor-col-100 elementor-top-column elementor-element elementor-element-243eaa7\" data-id=\"243eaa7\" data-element_type=\"column\" data-e-type=\"column\">\n\t\t\t<div class=\"elementor-widget-wrap elementor-element-populated\">\n\t\t\t\t\t\t<div class=\"elementor-element elementor-element-5f88d3d elementor-widget elementor-widget-heading\" data-id=\"5f88d3d\" data-element_type=\"widget\" data-e-type=\"widget\" data-widget_type=\"heading.default\">\n\t\t\t\t<div class=\"elementor-widget-container\">\n\t\t\t\t\t<h1 class=\"elementor-heading-title elementor-size-default\">Lancer une collecte de fonds<\/h1>\t\t\t\t<\/div>\n\t\t\t\t<\/div>\n\t\t\t\t\t<\/div>\n\t\t<\/div>\n\t\t\t\t\t<\/div>\n\t\t<\/section>\n\t\t\t\t<section data-particle_enable=\"false\" data-particle-mobile-disabled=\"false\" class=\"elementor-section elementor-top-section elementor-element elementor-element-a830fa7 elementor-section-boxed elementor-section-height-default elementor-section-height-default\" data-id=\"a830fa7\" data-element_type=\"section\" data-e-type=\"section\" data-settings=\"{&quot;background_background&quot;:&quot;classic&quot;}\">\n\t\t\t\t\t\t<div class=\"elementor-container elementor-column-gap-default\">\n\t\t\t\t\t<div class=\"elementor-column elementor-col-100 elementor-top-column elementor-element elementor-element-0744046\" data-id=\"0744046\" data-element_type=\"column\" data-e-type=\"column\">\n\t\t\t<div class=\"elementor-widget-wrap elementor-element-populated\">\n\t\t\t\t\t\t<div class=\"elementor-element elementor-element-d48082e elementor-widget elementor-widget-image\" data-id=\"d48082e\" data-element_type=\"widget\" data-e-type=\"widget\" data-widget_type=\"image.default\">\n\t\t\t\t<div class=\"elementor-widget-container\">\n\t\t\t\t\t\t\t\t\t\t\t\t\t\t\t<img fetchpriority=\"high\" decoding=\"async\" width=\"1024\" height=\"683\" src=\"https:\/\/loeysdietzcanada.org\/wp-content\/uploads\/2022\/09\/Unknown-16-1024x683.jpeg\" class=\"attachment-large size-large wp-image-1625\" alt=\"\" srcset=\"https:\/\/loeysdietzcanada.org\/wp-content\/uploads\/2022\/09\/Unknown-16-1024x683.jpeg 1024w, https:\/\/loeysdietzcanada.org\/wp-content\/uploads\/2022\/09\/Unknown-16-300x200.jpeg 300w, https:\/\/loeysdietzcanada.org\/wp-content\/uploads\/2022\/09\/Unknown-16-768x512.jpeg 768w, https:\/\/loeysdietzcanada.org\/wp-content\/uploads\/2022\/09\/Unknown-16-1536x1024.jpeg 1536w, https:\/\/loeysdietzcanada.org\/wp-content\/uploads\/2022\/09\/Unknown-16-2048x1365.jpeg 2048w\" sizes=\"(max-width: 1024px) 100vw, 1024px\" \/>\t\t\t\t\t\t\t\t\t\t\t\t\t\t\t<\/div>\n\t\t\t\t<\/div>\n\t\t\t\t<div class=\"elementor-element elementor-element-fafc31a elementor-widget elementor-widget-text-editor\" data-id=\"fafc31a\" data-element_type=\"widget\" data-e-type=\"widget\" data-widget_type=\"text-editor.default\">\n\t\t\t\t<div class=\"elementor-widget-container\">\n\t\t\t\t\t\t\t\t\t<p><span style=\"font-weight: 400;\">Une <\/span><b>collecte de fonds pour le syndrome de Loeys-Dietz<\/b><span style=\"font-weight: 400;\"> est l&#8217;un des meilleurs moyens de soutenir la Fondation et de sensibiliser votre communaut\u00e9.\u00a0<\/span><\/p>\t\t\t\t\t\t\t\t<\/div>\n\t\t\t\t<\/div>\n\t\t\t\t\t<\/div>\n\t\t<\/div>\n\t\t\t\t\t<\/div>\n\t\t<\/section>\n\t\t\t\t<section data-particle_enable=\"false\" data-particle-mobile-disabled=\"false\" class=\"elementor-section elementor-top-section elementor-element elementor-element-48ce4c1 elementor-section-boxed elementor-section-height-default elementor-section-height-default\" data-id=\"48ce4c1\" data-element_type=\"section\" data-e-type=\"section\" data-settings=\"{&quot;background_background&quot;:&quot;classic&quot;}\">\n\t\t\t\t\t\t<div class=\"elementor-container elementor-column-gap-default\">\n\t\t\t\t\t<div class=\"elementor-column elementor-col-100 elementor-top-column elementor-element elementor-element-5cbdeff\" data-id=\"5cbdeff\" data-element_type=\"column\" data-e-type=\"column\">\n\t\t\t<div class=\"elementor-widget-wrap elementor-element-populated\">\n\t\t\t\t\t\t<div class=\"elementor-element elementor-element-895c5a7 elementor-widget__width-inherit elementor-widget elementor-widget-heading\" data-id=\"895c5a7\" data-element_type=\"widget\" data-e-type=\"widget\" data-widget_type=\"heading.default\">\n\t\t\t\t<div class=\"elementor-widget-container\">\n\t\t\t\t\t<h2 class=\"elementor-heading-title elementor-size-default\">Comment organiser une collecte de fonds<\/h2>\t\t\t\t<\/div>\n\t\t\t\t<\/div>\n\t\t\t\t<div class=\"elementor-element elementor-element-c997db3 elementor-widget elementor-widget-text-editor\" data-id=\"c997db3\" data-element_type=\"widget\" data-e-type=\"widget\" data-widget_type=\"text-editor.default\">\n\t\t\t\t<div class=\"elementor-widget-container\">\n\t\t\t\t\t\t\t\t\t<ol><li><span style=\"font-weight: 400;\"> Faire un plan<\/span><\/li><\/ol><p><span style=\"font-weight: 400;\">La collecte de fonds pour la Fondation commence par un objectif et un plan. Quel est le montant que je souhaite collecter ? Comment dois-je m&#8217;y prendre ?\u00a0<\/span><\/p><p><span style=\"font-weight: 400;\">Parmi les <\/span><b>id\u00e9es de collecte de fonds <\/b><span style=\"font-weight: 400;\">qui ont fonctionn\u00e9 par le pass\u00e9, citons les ventes de p\u00e2tisseries, les courses communautaires de 5 km, les marathons, les v\u00e9los-thons et les campagnes de rasage pour collecter des fonds. Les possibilit\u00e9s sont infinies.<\/span><\/p><ol start=\"2\"><li><span style=\"font-weight: 400;\"> Nous contacter<\/span><\/li><\/ol><p><span style=\"font-weight: 400;\">Lorsque vous \u00eates pr\u00eat \u00e0 passer \u00e0 l&#8217;action, contactez-nous \u00e0 l&#8217;adresse <\/span><a href=\"mailto:info@loeysdietzcanada.org\"><span style=\"font-weight: 400;\">info@loeysdietzcanada.org<\/span><\/a><span style=\"font-weight: 400;\"> et parlez-nous de votre projet.\u00a0<\/span><\/p><p><b>Nous vous soutiendrons du d\u00e9but \u00e0 la fin<\/b><span style=\"font-weight: 400;\"> en partageant votre collecte de fonds dans notre bulletin d&#8217;information et dans les m\u00e9dias sociaux et en cr\u00e9ant une page de dons de campagne sur \u00ab\u00a0Canada Helps\u00a0\u00bb. C&#8217;est sur cette page que vos amis et r\u00e9seaux pourront faire leurs dons, laisser des messages de soutien et d&#8217;encouragement, et suivre vos efforts de collecte de fonds. \u00ab\u00a0Canada Helps\u00a0\u00bb se chargera d&#8217;\u00e9mettre tous les re\u00e7us fiscaux.\u00a0<\/span><\/p><p><span style=\"font-weight: 400;\">En fonction de votre objectif, nous vous enverrons \u00e9galement un kit SWAG de la Fondation compos\u00e9 de casquettes, sacs, tatouages, t-shirts et vestes.<\/span><\/p>\t\t\t\t\t\t\t\t<\/div>\n\t\t\t\t<\/div>\n\t\t\t\t<div class=\"elementor-element elementor-element-357bb2d elementor-align-center elementor-widget elementor-widget-button\" data-id=\"357bb2d\" data-element_type=\"widget\" data-e-type=\"widget\" data-widget_type=\"button.default\">\n\t\t\t\t<div class=\"elementor-widget-container\">\n\t\t\t\t\t\t\t\t\t<div class=\"elementor-button-wrapper\">\n\t\t\t\t\t<a class=\"elementor-button elementor-button-link elementor-size-sm\" href=\"https:\/\/loeysdietzcanada.org\/fr\/contactez-nous\/\" target=\"_blank\">\n\t\t\t\t\t\t<span class=\"elementor-button-content-wrapper\">\n\t\t\t\t\t\t\t\t\t<span class=\"elementor-button-text\">Commencer votre collecte de fonds<\/span>\n\t\t\t\t\t<\/span>\n\t\t\t\t\t<\/a>\n\t\t\t\t<\/div>\n\t\t\t\t\t\t\t\t<\/div>\n\t\t\t\t<\/div>\n\t\t\t\t<div class=\"elementor-element elementor-element-c42e7c0 elementor-widget elementor-widget-spacer\" data-id=\"c42e7c0\" data-element_type=\"widget\" data-e-type=\"widget\" data-widget_type=\"spacer.default\">\n\t\t\t\t<div class=\"elementor-widget-container\">\n\t\t\t\t\t\t\t<div class=\"elementor-spacer\">\n\t\t\t<div class=\"elementor-spacer-inner\"><\/div>\n\t\t<\/div>\n\t\t\t\t\t\t<\/div>\n\t\t\t\t<\/div>\n\t\t\t\t\t<\/div>\n\t\t<\/div>\n\t\t\t\t\t<\/div>\n\t\t<\/section>\n\t\t\t\t<section data-particle_enable=\"false\" data-particle-mobile-disabled=\"false\" class=\"elementor-section elementor-top-section elementor-element elementor-element-fa8f4c4 elementor-section-boxed elementor-section-height-default elementor-section-height-default\" data-id=\"fa8f4c4\" data-element_type=\"section\" data-e-type=\"section\" data-settings=\"{&quot;background_background&quot;:&quot;classic&quot;}\">\n\t\t\t\t\t\t<div class=\"elementor-container elementor-column-gap-wide\">\n\t\t\t\t\t<div class=\"elementor-column elementor-col-50 elementor-top-column elementor-element elementor-element-adddbb3\" data-id=\"adddbb3\" data-element_type=\"column\" data-e-type=\"column\">\n\t\t\t<div class=\"elementor-widget-wrap elementor-element-populated\">\n\t\t\t\t\t\t<div class=\"elementor-element elementor-element-7d51971 elementor-widget elementor-widget-image\" data-id=\"7d51971\" data-element_type=\"widget\" data-e-type=\"widget\" data-widget_type=\"image.default\">\n\t\t\t\t<div class=\"elementor-widget-container\">\n\t\t\t\t\t\t\t\t\t\t\t\t\t\t\t<img decoding=\"async\" src=\"https:\/\/loeysdietzcanada.org\/wp-content\/uploads\/elementor\/thumbs\/photo-4-5-scaled-pw5ceoxtu2kxe08ioux6z4f06q2vuzmr351op64do0.jpg\" title=\"photo 4-5\" alt=\"photo 4-5\" loading=\"lazy\" \/>\t\t\t\t\t\t\t\t\t\t\t\t\t\t\t<\/div>\n\t\t\t\t<\/div>\n\t\t\t\t\t<\/div>\n\t\t<\/div>\n\t\t\t\t<div class=\"elementor-column elementor-col-50 elementor-top-column elementor-element elementor-element-251fb64\" data-id=\"251fb64\" data-element_type=\"column\" data-e-type=\"column\">\n\t\t\t<div class=\"elementor-widget-wrap elementor-element-populated\">\n\t\t\t\t\t\t<div class=\"elementor-element elementor-element-06db691 elementor-widget__width-auto elementor-widget elementor-widget-heading\" data-id=\"06db691\" data-element_type=\"widget\" data-e-type=\"widget\" data-widget_type=\"heading.default\">\n\t\t\t\t<div class=\"elementor-widget-container\">\n\t\t\t\t\t<h2 class=\"elementor-heading-title elementor-size-default\">Anciennes collectes de fonds SLD<\/h2>\t\t\t\t<\/div>\n\t\t\t\t<\/div>\n\t\t\t\t<div class=\"elementor-element elementor-element-7a8f69b elementor-widget elementor-widget-text-editor\" data-id=\"7a8f69b\" data-element_type=\"widget\" data-e-type=\"widget\" data-widget_type=\"text-editor.default\">\n\t\t\t\t<div class=\"elementor-widget-container\">\n\t\t\t\t\t\t\t\t\t<ul><li style=\"font-weight: 400;\" aria-level=\"1\"><p><span style=\"font-weight: 400;\">Merci \u00e0 nos anciens collecteurs de fonds ! Leurs \u00e9v\u00e9nements ont inclus :<\/span><\/p><ul><li style=\"font-weight: 400;\" aria-level=\"1\"><span style=\"font-weight: 400;\">La randonn\u00e9e \u00e0 v\u00e9lo de Gino pour le SLD dans la r\u00e9gion de Niagara, Ontario.<\/span><\/li><li style=\"font-weight: 400;\" aria-level=\"1\"><span style=\"font-weight: 400;\">Le marathon de Montr\u00e9al de Sal<\/span><\/li><li style=\"font-weight: 400;\" aria-level=\"1\"><span style=\"font-weight: 400;\">Gran Fondo NY de Joseph<\/span><\/li><li style=\"font-weight: 400;\" aria-level=\"1\"><span style=\"font-weight: 400;\">Le don d&#8217;anniversaire d&#8217;Alex et sa vente de biscuits pour la Saint-Valentin.<\/span><\/li><li style=\"font-weight: 400;\" aria-level=\"1\"><span style=\"font-weight: 400;\">Donation pour l&#8217;anniversaire de Tyler<\/span><\/li><li style=\"font-weight: 400;\" aria-level=\"1\"><span style=\"font-weight: 400;\">Le v\u00e9lo de Cycle Paul pour le SLD<\/span><\/li><li style=\"font-weight: 400;\" aria-level=\"1\"><span style=\"font-weight: 400;\">L&#8217;\u00e9quipe de vente de Dominic<\/span><\/li><li style=\"font-weight: 400;\" aria-level=\"1\"><span style=\"font-weight: 400;\">Don de la Bar-Mitzvah de Justin<\/span><\/li><li style=\"font-weight: 400;\" aria-level=\"1\"><span style=\"font-weight: 400;\">L&#8217;\u00e9v\u00e9nement &#8220;Free Dress Day&#8221; de l&#8217;\u00e9cole secondaire Loyola et la campagne de collecte de fonds de fin d&#8217;ann\u00e9e du pr\u00e9sident.\u00a0<\/span><\/li><\/ul><p><span style=\"font-weight: 400;\">Plusieurs <\/span><a href=\"https:\/\/www.facebook.com\/loeysdietzcanada\/fundraisers\" target=\"_blank\" rel=\"noopener\"><span style=\"font-weight: 400;\">collectes de fonds sur Facebook<\/span><\/a><span style=\"font-weight: 400;\"> pour des anniversaires et des occasions sp\u00e9ciales<\/span><\/p><\/li><\/ul>\t\t\t\t\t\t\t\t<\/div>\n\t\t\t\t<\/div>\n\t\t\t\t\t<\/div>\n\t\t<\/div>\n\t\t\t\t\t<\/div>\n\t\t<\/section>\n\t\t\t\t<\/div>\n\t\t","protected":false},"excerpt":{"rendered":"<p>Lancer une collecte de fonds Une collecte de fonds pour le syndrome de Loeys-Dietz est l&#8217;un des meilleurs moyens de soutenir la Fondation et de sensibiliser votre communaut\u00e9. Comment organiser [&hellip;]<\/p>\n","protected":false},"author":1,"featured_media":0,"parent":1778,"menu_order":0,"comment_status":"closed","ping_status":"closed","template":"","meta":{"om_disable_all_campaigns":false,"_monsterinsights_skip_tracking":false,"_monsterinsights_sitenote_active":false,"_monsterinsights_sitenote_note":"","_monsterinsights_sitenote_category":0,"site-sidebar-layout":"no-sidebar","site-content-layout":"page-builder","ast-site-content-layout":"default","site-content-style":"default","site-sidebar-style":"default","ast-global-header-display":"","ast-banner-title-visibility":"","ast-main-header-display":"","ast-hfb-above-header-display":"","ast-hfb-below-header-display":"","ast-hfb-mobile-header-display":"","site-post-title":"disabled","ast-breadcrumbs-content":"","ast-featured-img":"disabled","footer-sml-layout":"","ast-disable-related-posts":"","theme-transparent-header-meta":"default","adv-header-id-meta":"","stick-header-meta":"default","header-above-stick-meta":"","header-main-stick-meta":"on","header-below-stick-meta":"","astra-migrate-meta-layouts":"default","ast-page-background-enabled":"default","ast-page-background-meta":{"desktop":{"background-color":"","background-image":"","background-repeat":"repeat","background-position":"center center","background-size":"auto","background-attachment":"scroll","background-type":"","background-media":"","overlay-type":"","overlay-color":"","overlay-opacity":"","overlay-gradient":""},"tablet":{"background-color":"","background-image":"","background-repeat":"repeat","background-position":"center center","background-size":"auto","background-attachment":"scroll","background-type":"","background-media":"","overlay-type":"","overlay-color":"","overlay-opacity":"","overlay-gradient":""},"mobile":{"background-color":"","background-image":"","background-repeat":"repeat","background-position":"center center","background-size":"auto","background-attachment":"scroll","background-type":"","background-media":"","overlay-type":"","overlay-color":"","overlay-opacity":"","overlay-gradient":""}},"ast-content-background-meta":{"desktop":{"background-color":"var(--ast-global-color-5)","background-image":"","background-repeat":"repeat","background-position":"center center","background-size":"auto","background-attachment":"scroll","background-type":"","background-media":"","overlay-type":"","overlay-color":"","overlay-opacity":"","overlay-gradient":""},"tablet":{"background-color":"var(--ast-global-color-5)","background-image":"","background-repeat":"repeat","background-position":"center center","background-size":"auto","background-attachment":"scroll","background-type":"","background-media":"","overlay-type":"","overlay-color":"","overlay-opacity":"","overlay-gradient":""},"mobile":{"background-color":"var(--ast-global-color-5)","background-image":"","background-repeat":"repeat","background-position":"center center","background-size":"auto","background-attachment":"scroll","background-type":"","background-media":"","overlay-type":"","overlay-color":"","overlay-opacity":"","overlay-gradient":""}},"footnotes":""},"class_list":["post-1791","page","type-page","status-publish","hentry"],"aioseo_notices":[],"_links":{"self":[{"href":"https:\/\/loeysdietzcanada.org\/fr\/wp-json\/wp\/v2\/pages\/1791","targetHints":{"allow":["GET"]}}],"collection":[{"href":"https:\/\/loeysdietzcanada.org\/fr\/wp-json\/wp\/v2\/pages"}],"about":[{"href":"https:\/\/loeysdietzcanada.org\/fr\/wp-json\/wp\/v2\/types\/page"}],"author":[{"embeddable":true,"href":"https:\/\/loeysdietzcanada.org\/fr\/wp-json\/wp\/v2\/users\/1"}],"replies":[{"embeddable":true,"href":"https:\/\/loeysdietzcanada.org\/fr\/wp-json\/wp\/v2\/comments?post=1791"}],"version-history":[{"count":16,"href":"https:\/\/loeysdietzcanada.org\/fr\/wp-json\/wp\/v2\/pages\/1791\/revisions"}],"predecessor-version":[{"id":3675,"href":"https:\/\/loeysdietzcanada.org\/fr\/wp-json\/wp\/v2\/pages\/1791\/revisions\/3675"}],"up":[{"embeddable":true,"href":"https:\/\/loeysdietzcanada.org\/fr\/wp-json\/wp\/v2\/pages\/1778"}],"wp:attachment":[{"href":"https:\/\/loeysdietzcanada.org\/fr\/wp-json\/wp\/v2\/media?parent=1791"}],"curies":[{"name":"wp","href":"https:\/\/api.w.org\/{rel}","templated":true}]}}